{"id":4003,"date":"2022-10-24T08:56:04","date_gmt":"2022-10-24T06:56:04","guid":{"rendered":"https:\/\/www.regiondemurciafilm.com\/services\/"},"modified":"2023-01-13T08:25:51","modified_gmt":"2023-01-13T07:25:51","slug":"services","status":"publish","type":"page","link":"https:\/\/www.regiondemurciafilm.com\/en\/what-is-fcrm\/services\/","title":{"rendered":"Services"},"content":{"rendered":"\t\t<div data-elementor-type=\"wp-page\" data-elementor-id=\"4003\" class=\"elementor elementor-4003 elementor-25\">\n\t\t\t\t\t\t\t\t\t<section class=\"elementor-section elementor-top-section elementor-element elementor-element-938f2df elementor-section-height-min-height elementor-section-boxed elementor-section-height-default elementor-section-items-middle\" data-id=\"938f2df\" data-element_type=\"section\" data-settings=\"{&quot;background_background&quot;:&quot;classic&quot;}\">\n\t\t\t\t\t\t<div class=\"elementor-container elementor-column-gap-default\">\n\t\t\t\t\t<div class=\"elementor-column elementor-col-50 elementor-top-column elementor-element elementor-element-ec148e2\" data-id=\"ec148e2\" data-element_type=\"column\">\n\t\t\t<div class=\"elementor-widget-wrap elementor-element-populated\">\n\t\t\t\t\t\t\t\t<div class=\"elementor-element elementor-element-166ae8d elementor-widget elementor-widget-image\" data-id=\"166ae8d\" data-element_type=\"widget\" data-widget_type=\"image.default\">\n\t\t\t\t<div class=\"elementor-widget-container\">\n\t\t\t<style>\/*! elementor - v3.8.1 - 13-11-2022 *\/\n.elementor-widget-image{text-align:center}.elementor-widget-image a{display:inline-block}.elementor-widget-image a img[src$=\".svg\"]{width:48px}.elementor-widget-image img{vertical-align:middle;display:inline-block}<\/style>\t\t\t\t\t\t\t\t\t\t\t\t<img decoding=\"async\" width=\"408\" height=\"293\" src=\"https:\/\/www.regiondemurciafilm.com\/wp-content\/uploads\/2022\/11\/rmfc-logo-cabo-de-palos-2.png\" class=\"attachment-full size-full\" alt=\"Regi\u00f3n of Murcia Film Commision\" loading=\"lazy\" srcset=\"https:\/\/www.regiondemurciafilm.com\/wp-content\/uploads\/2022\/11\/rmfc-logo-cabo-de-palos-2.png 408w, https:\/\/www.regiondemurciafilm.com\/wp-content\/uploads\/2022\/11\/rmfc-logo-cabo-de-palos-2-300x215.png 300w\" sizes=\"(max-width: 408px) 100vw, 408px\" \/>\t\t\t\t\t\t\t\t\t\t\t\t\t\t\t<\/div>\n\t\t\t\t<\/div>\n\t\t\t\t\t<\/div>\n\t\t<\/div>\n\t\t\t\t<div class=\"elementor-column elementor-col-50 elementor-top-column elementor-element elementor-element-c5cd587\" data-id=\"c5cd587\" data-element_type=\"column\">\n\t\t\t<div class=\"elementor-widget-wrap elementor-element-populated\">\n\t\t\t\t\t\t\t\t<div class=\"elementor-element elementor-element-9561d68 elementor-align-left elementor-tablet-align-center elementor-widget elementor-widget-breadcrumbs\" data-id=\"9561d68\" data-element_type=\"widget\" data-widget_type=\"breadcrumbs.default\">\n\t\t\t\t<div class=\"elementor-widget-container\">\n\t\t\t<link rel=\"stylesheet\" href=\"https:\/\/www.regiondemurciafilm.com\/wp-content\/plugins\/elementor-pro\/assets\/css\/widget-theme-elements.min.css\"><p id=\"breadcrumbs\"><span><span><a href=\"https:\/\/www.regiondemurciafilm.com\/en\/home\/\">Home<\/a><\/span><\/span><\/p>\t\t<\/div>\n\t\t\t\t<\/div>\n\t\t\t\t<div class=\"elementor-element elementor-element-7c3cf05 elementor-widget elementor-widget-heading\" data-id=\"7c3cf05\" data-element_type=\"widget\" data-widget_type=\"heading.default\">\n\t\t\t\t<div class=\"elementor-widget-container\">\n\t\t\t<style>\/*! elementor - v3.8.1 - 13-11-2022 *\/\n.elementor-heading-title{padding:0;margin:0;line-height:1}.elementor-widget-heading .elementor-heading-title[class*=elementor-size-]>a{color:inherit;font-size:inherit;line-height:inherit}.elementor-widget-heading .elementor-heading-title.elementor-size-small{font-size:15px}.elementor-widget-heading .elementor-heading-title.elementor-size-medium{font-size:19px}.elementor-widget-heading .elementor-heading-title.elementor-size-large{font-size:29px}.elementor-widget-heading .elementor-heading-title.elementor-size-xl{font-size:39px}.elementor-widget-heading .elementor-heading-title.elementor-size-xxl{font-size:59px}<\/style><h1 class=\"elementor-heading-title elementor-size-default\">Services<\/h1>\t\t<\/div>\n\t\t\t\t<\/div>\n\t\t\t\t\t<\/div>\n\t\t<\/div>\n\t\t\t\t\t\t\t<\/div>\n\t\t<\/section>\n\t\t\t\t<section class=\"elementor-section elementor-top-section elementor-element elementor-element-6fbfafc gradiente elementor-section-boxed elementor-section-height-default elementor-section-height-default\" data-id=\"6fbfafc\" data-element_type=\"section\">\n\t\t\t\t\t\t<div class=\"elementor-container elementor-column-gap-no\">\n\t\t\t\t\t<div class=\"elementor-column elementor-col-33 elementor-top-column elementor-element elementor-element-cf1cc8a\" data-id=\"cf1cc8a\" data-element_type=\"column\" data-settings=\"{&quot;background_background&quot;:&quot;classic&quot;}\">\n\t\t\t<div class=\"elementor-widget-wrap elementor-element-populated\">\n\t\t\t\t\t\t\t\t<div class=\"elementor-element elementor-element-9914510 elementor-widget elementor-widget-template\" data-id=\"9914510\" data-element_type=\"widget\" data-widget_type=\"template.default\">\n\t\t\t\t<div class=\"elementor-widget-container\">\n\t\t\t\t\t<div class=\"elementor-template\">\n\t\t\t\t\t<div data-elementor-type=\"section\" data-elementor-id=\"943\" class=\"elementor elementor-943\">\n\t\t\t\t\t\t\t\t<section class=\"elementor-section elementor-inner-section elementor-element elementor-element-64d44a54 elementor-section-full_width elementor-section-height-default elementor-section-height-default\" data-id=\"64d44a54\" data-element_type=\"section\" data-settings=\"{&quot;background_background&quot;:&quot;classic&quot;}\">\n\t\t\t\t\t\t<div class=\"elementor-container elementor-column-gap-no\">\n\t\t\t\t\t<div class=\"elementor-column elementor-col-100 elementor-inner-column elementor-element elementor-element-7fdc9c9d\" data-id=\"7fdc9c9d\" data-element_type=\"column\">\n\t\t\t<div class=\"elementor-widget-wrap elementor-element-populated\">\n\t\t\t\t\t\t\t\t<div class=\"elementor-element elementor-element-4859e32 elementor-widget elementor-widget-image\" data-id=\"4859e32\" data-element_type=\"widget\" data-widget_type=\"image.default\">\n\t\t\t\t<div class=\"elementor-widget-container\">\n\t\t\t\t\t\t\t\t\t\t\t\t\t\t\t<img decoding=\"async\" width=\"273\" height=\"267\" src=\"https:\/\/www.regiondemurciafilm.com\/wp-content\/uploads\/2022\/11\/ico-flecha.svg\" class=\"attachment-full size-full\" alt=\"Men\u00fa\" loading=\"lazy\" \/>\t\t\t\t\t\t\t\t\t\t\t\t\t\t\t<\/div>\n\t\t\t\t<\/div>\n\t\t\t\t<div class=\"elementor-element elementor-element-361003ba elementor-widget elementor-widget-heading\" data-id=\"361003ba\" data-element_type=\"widget\" data-widget_type=\"heading.default\">\n\t\t\t\t<div class=\"elementor-widget-container\">\n\t\t\t<div class=\"elementor-heading-title elementor-size-default\">Men\u00fa<\/div>\t\t<\/div>\n\t\t\t\t<\/div>\n\t\t\t\t<div class=\"elementor-element elementor-element-45afff46 fc-submenu elementor-widget elementor-widget-nav-menu\" data-id=\"45afff46\" data-element_type=\"widget\" data-settings=\"{&quot;layout&quot;:&quot;dropdown&quot;,&quot;submenu_icon&quot;:{&quot;value&quot;:&quot;&lt;i class=\\&quot;\\&quot;&gt;&lt;\\\/i&gt;&quot;,&quot;library&quot;:&quot;&quot;}}\" data-widget_type=\"nav-menu.default\">\n\t\t\t\t<div class=\"elementor-widget-container\">\n\t\t\t<link rel=\"stylesheet\" href=\"https:\/\/www.regiondemurciafilm.com\/wp-content\/plugins\/elementor-pro\/assets\/css\/widget-nav-menu.min.css\">\t\t<div class=\"elementor-menu-toggle\" role=\"button\" tabindex=\"0\" aria-label=\"Menu Toggle\" aria-expanded=\"false\">\n\t\t\t<i aria-hidden=\"true\" role=\"presentation\" class=\"elementor-menu-toggle__icon--open eicon-menu-bar\"><\/i><i aria-hidden=\"true\" role=\"presentation\" class=\"elementor-menu-toggle__icon--close eicon-close\"><\/i>\t\t\t<span class=\"elementor-screen-only\">Menu<\/span>\n\t\t<\/div>\n\t\t\t<nav class=\"elementor-nav-menu--dropdown elementor-nav-menu__container\" aria-hidden=\"true\">\n\t\t\t\t<ul id=\"menu-2-45afff46\" class=\"elementor-nav-menu\"><li class=\"menu-item menu-item-type-post_type menu-item-object-page menu-item-4045\"><a href=\"https:\/\/www.regiondemurciafilm.com\/en\/what-is-fcrm\/\" class=\"elementor-item menu-link\" tabindex=\"-1\">What is FCRM<\/a><\/li>\n<li class=\"menu-item menu-item-type-post_type menu-item-object-page menu-item-4046\"><a href=\"https:\/\/www.regiondemurciafilm.com\/en\/what-is-fcrm\/competences\/\" class=\"elementor-item menu-link\" tabindex=\"-1\">Competences<\/a><\/li>\n<li class=\"menu-item menu-item-type-post_type menu-item-object-page menu-item-4047\"><a href=\"https:\/\/www.regiondemurciafilm.com\/en\/what-is-fcrm\/services\/\" class=\"elementor-item menu-link\" tabindex=\"-1\">Services<\/a><\/li>\n<li class=\"menu-item menu-item-type-post_type menu-item-object-page menu-item-4048\"><a href=\"https:\/\/www.regiondemurciafilm.com\/en\/what-is-fcrm\/film-office-network\/\" class=\"elementor-item menu-link\" tabindex=\"-1\">Film Office Network<\/a><\/li>\n<li class=\"menu-item menu-item-type-post_type menu-item-object-page menu-item-4049\"><a href=\"https:\/\/www.regiondemurciafilm.com\/en\/what-is-fcrm\/green-shooting\/\" class=\"elementor-item menu-link\" tabindex=\"-1\">Green Shooting<\/a><\/li>\n<li class=\"menu-item menu-item-type-post_type menu-item-object-page menu-item-4050\"><a href=\"https:\/\/www.regiondemurciafilm.com\/en\/what-is-fcrm\/equal-opportunities\/\" class=\"elementor-item menu-link\" tabindex=\"-1\">Equal opportunities<\/a><\/li>\n<li class=\"menu-item menu-item-type-post_type menu-item-object-page menu-item-4051\"><a href=\"https:\/\/www.regiondemurciafilm.com\/en\/what-is-fcrm\/contact\/\" class=\"elementor-item menu-link\" tabindex=\"-1\">Contact<\/a><\/li>\n<\/ul>\t\t\t<\/nav>\n\t\t\t\t<\/div>\n\t\t\t\t<\/div>\n\t\t\t\t\t<\/div>\n\t\t<\/div>\n\t\t\t\t\t\t\t<\/div>\n\t\t<\/section>\n\t\t\t\t\t\t<\/div>\n\t\t\t\t<\/div>\n\t\t\t\t<\/div>\n\t\t\t\t<\/div>\n\t\t\t\t\t<\/div>\n\t\t<\/div>\n\t\t\t\t<div class=\"elementor-column elementor-col-33 elementor-top-column elementor-element elementor-element-8e222a8\" data-id=\"8e222a8\" data-element_type=\"column\">\n\t\t\t<div class=\"elementor-widget-wrap elementor-element-populated\">\n\t\t\t\t\t\t\t\t<div class=\"elementor-element elementor-element-1a23ba5 elementor-widget elementor-widget-heading\" data-id=\"1a23ba5\" data-element_type=\"widget\" data-widget_type=\"heading.default\">\n\t\t\t\t<div class=\"elementor-widget-container\">\n\t\t\t<h2 class=\"elementor-heading-title elementor-size-default\">Services<\/h2>\t\t<\/div>\n\t\t\t\t<\/div>\n\t\t\t\t<div class=\"elementor-element elementor-element-a202b26 elementor-widget elementor-widget-text-editor\" data-id=\"a202b26\" data-element_type=\"widget\" data-widget_type=\"text-editor.default\">\n\t\t\t\t<div class=\"elementor-widget-container\">\n\t\t\t<style>\/*! elementor - v3.8.1 - 13-11-2022 *\/\n.elementor-widget-text-editor.elementor-drop-cap-view-stacked .elementor-drop-cap{background-color:#818a91;color:#fff}.elementor-widget-text-editor.elementor-drop-cap-view-framed .elementor-drop-cap{color:#818a91;border:3px solid;background-color:transparent}.elementor-widget-text-editor:not(.elementor-drop-cap-view-default) .elementor-drop-cap{margin-top:8px}.elementor-widget-text-editor:not(.elementor-drop-cap-view-default) .elementor-drop-cap-letter{width:1em;height:1em}.elementor-widget-text-editor .elementor-drop-cap{float:left;text-align:center;line-height:1;font-size:50px}.elementor-widget-text-editor .elementor-drop-cap-letter{display:inline-block}<\/style>\t\t\t\t<p>We have experienced audiovisual production companies and professionals who are able to collaborate on projects of the highest quality, regardless of their size. We can also advise you on how to access tax incentives and benefits from the different public administrations.<\/p>\n\t\t\t\t\t\t<\/div>\n\t\t\t\t<\/div>\n\t\t\t\t\t<\/div>\n\t\t<\/div>\n\t\t\t\t<div class=\"elementor-column elementor-col-33 elementor-top-column elementor-element elementor-element-dd8decc\" data-id=\"dd8decc\" data-element_type=\"column\">\n\t\t\t<div class=\"elementor-widget-wrap elementor-element-populated\">\n\t\t\t\t\t\t\t\t<div class=\"elementor-element elementor-element-a5f8e5a elementor-widget elementor-widget-image\" data-id=\"a5f8e5a\" data-element_type=\"widget\" data-widget_type=\"image.default\">\n\t\t\t\t<div class=\"elementor-widget-container\">\n\t\t\t\t\t\t\t\t\t\t\t\t\t\t\t<img decoding=\"async\" width=\"350\" height=\"350\" src=\"https:\/\/www.regiondemurciafilm.com\/wp-content\/uploads\/2022\/12\/rmfc-servicios.jpg\" class=\"attachment-large size-large\" alt=\"Region of Murcia Film Commision\" loading=\"lazy\" srcset=\"https:\/\/www.regiondemurciafilm.com\/wp-content\/uploads\/2022\/12\/rmfc-servicios.jpg 350w, https:\/\/www.regiondemurciafilm.com\/wp-content\/uploads\/2022\/12\/rmfc-servicios-300x300.jpg 300w, https:\/\/www.regiondemurciafilm.com\/wp-content\/uploads\/2022\/12\/rmfc-servicios-150x150.jpg 150w\" sizes=\"(max-width: 350px) 100vw, 350px\" \/>\t\t\t\t\t\t\t\t\t\t\t\t\t\t\t<\/div>\n\t\t\t\t<\/div>\n\t\t\t\t\t<\/div>\n\t\t<\/div>\n\t\t\t\t\t\t\t<\/div>\n\t\t<\/section>\n\t\t\t\t\t\t\t<\/div>\n\t\t","protected":false},"excerpt":{"rendered":"<p>Services We have experienced audiovisual production companies and professionals who are able to collaborate on projects of the highest quality, regardless of their size. We can also advise you on how to access tax incentives and benefits from the different public administrations.<\/p>\n","protected":false},"author":1,"featured_media":3777,"parent":4007,"menu_order":3,"comment_status":"closed","ping_status":"closed","template":"","meta":{"inline_featured_image":false,"site-sidebar-layout":"no-sidebar","site-content-layout":"page-builder","ast-site-content-layout":"","site-content-style":"default","site-sidebar-style":"default","ast-global-header-display":"","ast-banner-title-visibility":"","ast-main-header-display":"","ast-hfb-above-header-display":"","ast-hfb-below-header-display":"","ast-hfb-mobile-header-display":"","site-post-title":"disabled","ast-breadcrumbs-content":"","ast-featured-img":"disabled","footer-sml-layout":"","theme-transparent-header-meta":"","adv-header-id-meta":"","stick-header-meta":"","header-above-stick-meta":"","header-main-stick-meta":"","header-below-stick-meta":"","astra-migrate-meta-layouts":"default","ast-page-background-enabled":"default","ast-page-background-meta":{"desktop":{"background-color":"var(--ast-global-color-4)","background-image":"","background-repeat":"repeat","background-position":"center center","background-size":"auto","background-attachment":"scroll","background-type":"","background-media":"","overlay-type":"","overlay-color":"","overlay-opacity":"","overlay-gradient":""},"tablet":{"background-color":"","background-image":"","background-repeat":"repeat","background-position":"center center","background-size":"auto","background-attachment":"scroll","background-type":"","background-media":"","overlay-type":"","overlay-color":"","overlay-opacity":"","overlay-gradient":""},"mobile":{"background-color":"","background-image":"","background-repeat":"repeat","background-position":"center center","background-size":"auto","background-attachment":"scroll","background-type":"","background-media":"","overlay-type":"","overlay-color":"","overlay-opacity":"","overlay-gradient":""}},"ast-content-background-meta":{"desktop":{"background-color":"var(--ast-global-color-5)","background-image":"","background-repeat":"repeat","background-position":"center center","background-size":"auto","background-attachment":"scroll","background-type":"","background-media":"","overlay-type":"","overlay-color":"","overlay-opacity":"","overlay-gradient":""},"tablet":{"background-color":"var(--ast-global-color-5)","background-image":"","background-repeat":"repeat","background-position":"center center","background-size":"auto","background-attachment":"scroll","background-type":"","background-media":"","overlay-type":"","overlay-color":"","overlay-opacity":"","overlay-gradient":""},"mobile":{"background-color":"var(--ast-global-color-5)","background-image":"","background-repeat":"repeat","background-position":"center center","background-size":"auto","background-attachment":"scroll","background-type":"","background-media":"","overlay-type":"","overlay-color":"","overlay-opacity":"","overlay-gradient":""}}},"acf":[],"yoast_head":"<!-- This site is optimized with the Yoast SEO plugin v19.13 - https:\/\/yoast.com\/wordpress\/plugins\/seo\/ -->\n<title>Services - Regi\u00f3n de Murcia Film Commission<\/title>\n<meta name=\"description\" content=\"We have experienced audiovisual production companies and professionals who are able to collaborate on projects of the highest quality, regardless of their size.\" \/>\n<meta name=\"robots\" content=\"index, follow, max-snippet:-1, max-image-preview:large, max-video-preview:-1\" \/>\n<link rel=\"canonical\" href=\"https:\/\/www.regiondemurciafilm.com\/en\/what-is-fcrm\/services\/\" \/>\n<meta property=\"og:locale\" content=\"en_US\" \/>\n<meta property=\"og:type\" content=\"article\" \/>\n<meta property=\"og:title\" content=\"Services - Regi\u00f3n de Murcia Film Commission\" \/>\n<meta property=\"og:description\" content=\"We have experienced audiovisual production companies and professionals who are able to collaborate on projects of the highest quality, regardless of their size.\" \/>\n<meta property=\"og:url\" content=\"https:\/\/www.regiondemurciafilm.com\/en\/what-is-fcrm\/services\/\" \/>\n<meta property=\"og:site_name\" content=\"Regi\u00f3n de Murcia Film Commission\" \/>\n<meta property=\"article:modified_time\" content=\"2023-01-13T07:25:51+00:00\" \/>\n<meta property=\"og:image\" content=\"https:\/\/www.regiondemurciafilm.com\/wp-content\/uploads\/2022\/12\/Logotipo-Film-Murcia.jpg\" \/>\n\t<meta property=\"og:image:width\" content=\"600\" \/>\n\t<meta property=\"og:image:height\" content=\"600\" \/>\n\t<meta property=\"og:image:type\" content=\"image\/jpeg\" \/>\n<meta name=\"twitter:card\" content=\"summary_large_image\" \/>\n<script type=\"application\/ld+json\" class=\"yoast-schema-graph\">{\"@context\":\"https:\/\/schema.org\",\"@graph\":[{\"@type\":\"WebPage\",\"@id\":\"https:\/\/www.regiondemurciafilm.com\/en\/what-is-fcrm\/services\/\",\"url\":\"https:\/\/www.regiondemurciafilm.com\/en\/what-is-fcrm\/services\/\",\"name\":\"Services - Regi\u00f3n de Murcia Film Commission\",\"isPartOf\":{\"@id\":\"https:\/\/www.regiondemurciafilm.com\/en\/#website\"},\"datePublished\":\"2022-10-24T06:56:04+00:00\",\"dateModified\":\"2023-01-13T07:25:51+00:00\",\"description\":\"We have experienced audiovisual production companies and professionals who are able to collaborate on projects of the highest quality, regardless of their size.\",\"breadcrumb\":{\"@id\":\"https:\/\/www.regiondemurciafilm.com\/en\/what-is-fcrm\/services\/#breadcrumb\"},\"inLanguage\":\"en-US\",\"potentialAction\":[{\"@type\":\"ReadAction\",\"target\":[\"https:\/\/www.regiondemurciafilm.com\/en\/what-is-fcrm\/services\/\"]}]},{\"@type\":\"BreadcrumbList\",\"@id\":\"https:\/\/www.regiondemurciafilm.com\/en\/what-is-fcrm\/services\/#breadcrumb\",\"itemListElement\":[{\"@type\":\"ListItem\",\"position\":1,\"name\":\"Home\",\"item\":\"https:\/\/www.regiondemurciafilm.com\/en\/home\/\"},{\"@type\":\"ListItem\",\"position\":2,\"name\":\"What is FCRM\",\"item\":\"https:\/\/www.regiondemurciafilm.com\/en\/what-is-fcrm\/\"},{\"@type\":\"ListItem\",\"position\":3,\"name\":\"Services\"}]},{\"@type\":\"WebSite\",\"@id\":\"https:\/\/www.regiondemurciafilm.com\/en\/#website\",\"url\":\"https:\/\/www.regiondemurciafilm.com\/en\/\",\"name\":\"Regi\u00f3n de Murcia Film Commission\",\"description\":\"Es un servicio p\u00fablico destinado a promover y apoyar la producci\u00f3n audiovisual en la Regi\u00f3n de Murcia.\",\"publisher\":{\"@id\":\"https:\/\/www.regiondemurciafilm.com\/en\/#organization\"},\"potentialAction\":[{\"@type\":\"SearchAction\",\"target\":{\"@type\":\"EntryPoint\",\"urlTemplate\":\"https:\/\/www.regiondemurciafilm.com\/en\/?s={search_term_string}\"},\"query-input\":\"required name=search_term_string\"}],\"inLanguage\":\"en-US\"},{\"@type\":\"Organization\",\"@id\":\"https:\/\/www.regiondemurciafilm.com\/en\/#organization\",\"name\":\"Regi\u00f3n de Murcia Film Commission\",\"url\":\"https:\/\/www.regiondemurciafilm.com\/en\/\",\"logo\":{\"@type\":\"ImageObject\",\"inLanguage\":\"en-US\",\"@id\":\"https:\/\/www.regiondemurciafilm.com\/en\/#\/schema\/logo\/image\/\",\"url\":\"https:\/\/www.regiondemurciafilm.com\/wp-content\/uploads\/2022\/11\/rmfc-logo.svg\",\"contentUrl\":\"https:\/\/www.regiondemurciafilm.com\/wp-content\/uploads\/2022\/11\/rmfc-logo.svg\",\"caption\":\"Regi\u00f3n de Murcia Film Commission\"},\"image\":{\"@id\":\"https:\/\/www.regiondemurciafilm.com\/en\/#\/schema\/logo\/image\/\"},\"sameAs\":[\"https:\/\/instagram.com\/icaregmurcia\"]}]}<\/script>\n<!-- \/ Yoast SEO plugin. -->","yoast_head_json":{"title":"Services - Regi\u00f3n de Murcia Film Commission","description":"We have experienced audiovisual production companies and professionals who are able to collaborate on projects of the highest quality, regardless of their size.","robots":{"index":"index","follow":"follow","max-snippet":"max-snippet:-1","max-image-preview":"max-image-preview:large","max-video-preview":"max-video-preview:-1"},"canonical":"https:\/\/www.regiondemurciafilm.com\/en\/what-is-fcrm\/services\/","og_locale":"en_US","og_type":"article","og_title":"Services - Regi\u00f3n de Murcia Film Commission","og_description":"We have experienced audiovisual production companies and professionals who are able to collaborate on projects of the highest quality, regardless of their size.","og_url":"https:\/\/www.regiondemurciafilm.com\/en\/what-is-fcrm\/services\/","og_site_name":"Regi\u00f3n de Murcia Film Commission","article_modified_time":"2023-01-13T07:25:51+00:00","og_image":[{"width":600,"height":600,"url":"https:\/\/www.regiondemurciafilm.com\/wp-content\/uploads\/2022\/12\/Logotipo-Film-Murcia.jpg","type":"image\/jpeg"}],"twitter_card":"summary_large_image","schema":{"@context":"https:\/\/schema.org","@graph":[{"@type":"WebPage","@id":"https:\/\/www.regiondemurciafilm.com\/en\/what-is-fcrm\/services\/","url":"https:\/\/www.regiondemurciafilm.com\/en\/what-is-fcrm\/services\/","name":"Services - Regi\u00f3n de Murcia Film Commission","isPartOf":{"@id":"https:\/\/www.regiondemurciafilm.com\/en\/#website"},"datePublished":"2022-10-24T06:56:04+00:00","dateModified":"2023-01-13T07:25:51+00:00","description":"We have experienced audiovisual production companies and professionals who are able to collaborate on projects of the highest quality, regardless of their size.","breadcrumb":{"@id":"https:\/\/www.regiondemurciafilm.com\/en\/what-is-fcrm\/services\/#breadcrumb"},"inLanguage":"en-US","potentialAction":[{"@type":"ReadAction","target":["https:\/\/www.regiondemurciafilm.com\/en\/what-is-fcrm\/services\/"]}]},{"@type":"BreadcrumbList","@id":"https:\/\/www.regiondemurciafilm.com\/en\/what-is-fcrm\/services\/#breadcrumb","itemListElement":[{"@type":"ListItem","position":1,"name":"Home","item":"https:\/\/www.regiondemurciafilm.com\/en\/home\/"},{"@type":"ListItem","position":2,"name":"What is FCRM","item":"https:\/\/www.regiondemurciafilm.com\/en\/what-is-fcrm\/"},{"@type":"ListItem","position":3,"name":"Services"}]},{"@type":"WebSite","@id":"https:\/\/www.regiondemurciafilm.com\/en\/#website","url":"https:\/\/www.regiondemurciafilm.com\/en\/","name":"Regi\u00f3n de Murcia Film Commission","description":"Es un servicio p\u00fablico destinado a promover y apoyar la producci\u00f3n audiovisual en la Regi\u00f3n de Murcia.","publisher":{"@id":"https:\/\/www.regiondemurciafilm.com\/en\/#organization"},"potentialAction":[{"@type":"SearchAction","target":{"@type":"EntryPoint","urlTemplate":"https:\/\/www.regiondemurciafilm.com\/en\/?s={search_term_string}"},"query-input":"required name=search_term_string"}],"inLanguage":"en-US"},{"@type":"Organization","@id":"https:\/\/www.regiondemurciafilm.com\/en\/#organization","name":"Regi\u00f3n de Murcia Film Commission","url":"https:\/\/www.regiondemurciafilm.com\/en\/","logo":{"@type":"ImageObject","inLanguage":"en-US","@id":"https:\/\/www.regiondemurciafilm.com\/en\/#\/schema\/logo\/image\/","url":"https:\/\/www.regiondemurciafilm.com\/wp-content\/uploads\/2022\/11\/rmfc-logo.svg","contentUrl":"https:\/\/www.regiondemurciafilm.com\/wp-content\/uploads\/2022\/11\/rmfc-logo.svg","caption":"Regi\u00f3n de Murcia Film Commission"},"image":{"@id":"https:\/\/www.regiondemurciafilm.com\/en\/#\/schema\/logo\/image\/"},"sameAs":["https:\/\/instagram.com\/icaregmurcia"]}]}},"_links":{"self":[{"href":"https:\/\/www.regiondemurciafilm.com\/en\/wp-json\/wp\/v2\/pages\/4003"}],"collection":[{"href":"https:\/\/www.regiondemurciafilm.com\/en\/wp-json\/wp\/v2\/pages"}],"about":[{"href":"https:\/\/www.regiondemurciafilm.com\/en\/wp-json\/wp\/v2\/types\/page"}],"author":[{"embeddable":true,"href":"https:\/\/www.regiondemurciafilm.com\/en\/wp-json\/wp\/v2\/users\/1"}],"replies":[{"embeddable":true,"href":"https:\/\/www.regiondemurciafilm.com\/en\/wp-json\/wp\/v2\/comments?post=4003"}],"version-history":[{"count":3,"href":"https:\/\/www.regiondemurciafilm.com\/en\/wp-json\/wp\/v2\/pages\/4003\/revisions"}],"predecessor-version":[{"id":4194,"href":"https:\/\/www.regiondemurciafilm.com\/en\/wp-json\/wp\/v2\/pages\/4003\/revisions\/4194"}],"up":[{"embeddable":true,"href":"https:\/\/www.regiondemurciafilm.com\/en\/wp-json\/wp\/v2\/pages\/4007"}],"wp:featuredmedia":[{"embeddable":true,"href":"https:\/\/www.regiondemurciafilm.com\/en\/wp-json\/wp\/v2\/media\/3777"}],"wp:attachment":[{"href":"https:\/\/www.regiondemurciafilm.com\/en\/wp-json\/wp\/v2\/media?parent=4003"}],"curies":[{"name":"wp","href":"https:\/\/api.w.org\/{rel}","templated":true}]}}