{"id":3947,"date":"2022-10-24T09:03:01","date_gmt":"2022-10-24T07:03:01","guid":{"rendered":"https:\/\/www.regiondemurciafilm.com\/regional-incentives\/"},"modified":"2023-01-12T12:04:56","modified_gmt":"2023-01-12T11:04:56","slug":"regional-incentives","status":"publish","type":"page","link":"https:\/\/www.regiondemurciafilm.com\/en\/regional-incentives\/","title":{"rendered":"Regional Incentives"},"content":{"rendered":"\t\t<div data-elementor-type=\"wp-page\" data-elementor-id=\"3947\" class=\"elementor elementor-3947 elementor-57\">\n\t\t\t\t\t\t\t\t\t<section class=\"elementor-section elementor-top-section elementor-element elementor-element-7fcd585 elementor-section-height-min-height elementor-section-boxed elementor-section-height-default elementor-section-items-middle\" data-id=\"7fcd585\" data-element_type=\"section\" data-settings=\"{&quot;background_background&quot;:&quot;classic&quot;}\">\n\t\t\t\t\t\t<div class=\"elementor-container elementor-column-gap-default\">\n\t\t\t\t\t<div class=\"elementor-column elementor-col-50 elementor-top-column elementor-element elementor-element-26ac5ca\" data-id=\"26ac5ca\" data-element_type=\"column\">\n\t\t\t<div class=\"elementor-widget-wrap elementor-element-populated\">\n\t\t\t\t\t\t\t\t<div class=\"elementor-element elementor-element-82cb91b elementor-widget elementor-widget-image\" data-id=\"82cb91b\" data-element_type=\"widget\" data-widget_type=\"image.default\">\n\t\t\t\t<div class=\"elementor-widget-container\">\n\t\t\t<style>\/*! elementor - v3.8.1 - 13-11-2022 *\/\n.elementor-widget-image{text-align:center}.elementor-widget-image a{display:inline-block}.elementor-widget-image a img[src$=\".svg\"]{width:48px}.elementor-widget-image img{vertical-align:middle;display:inline-block}<\/style>\t\t\t\t\t\t\t\t\t\t\t\t<img decoding=\"async\" width=\"408\" height=\"293\" src=\"https:\/\/www.regiondemurciafilm.com\/wp-content\/uploads\/2022\/11\/rmfc-logo-catedral-murcia.png\" class=\"attachment-full size-full\" alt=\"Regi\u00f3n of Murcia Film Commision\" loading=\"lazy\" srcset=\"https:\/\/www.regiondemurciafilm.com\/wp-content\/uploads\/2022\/11\/rmfc-logo-catedral-murcia.png 408w, https:\/\/www.regiondemurciafilm.com\/wp-content\/uploads\/2022\/11\/rmfc-logo-catedral-murcia-300x215.png 300w\" sizes=\"(max-width: 408px) 100vw, 408px\" \/>\t\t\t\t\t\t\t\t\t\t\t\t\t\t\t<\/div>\n\t\t\t\t<\/div>\n\t\t\t\t\t<\/div>\n\t\t<\/div>\n\t\t\t\t<div class=\"elementor-column elementor-col-50 elementor-top-column elementor-element elementor-element-1dc14f7\" data-id=\"1dc14f7\" data-element_type=\"column\">\n\t\t\t<div class=\"elementor-widget-wrap elementor-element-populated\">\n\t\t\t\t\t\t\t\t<div class=\"elementor-element elementor-element-cb7d00a elementor-align-left elementor-tablet-align-center elementor-widget elementor-widget-breadcrumbs\" data-id=\"cb7d00a\" data-element_type=\"widget\" data-widget_type=\"breadcrumbs.default\">\n\t\t\t\t<div class=\"elementor-widget-container\">\n\t\t\t<link rel=\"stylesheet\" href=\"https:\/\/www.regiondemurciafilm.com\/wp-content\/plugins\/elementor-pro\/assets\/css\/widget-theme-elements.min.css\"><p id=\"breadcrumbs\"><span><span><a href=\"https:\/\/www.regiondemurciafilm.com\/en\/home\/\">Home<\/a><\/span><\/span><\/p>\t\t<\/div>\n\t\t\t\t<\/div>\n\t\t\t\t<div class=\"elementor-element elementor-element-a366a8e elementor-widget elementor-widget-heading\" data-id=\"a366a8e\" data-element_type=\"widget\" data-widget_type=\"heading.default\">\n\t\t\t\t<div class=\"elementor-widget-container\">\n\t\t\t<style>\/*! elementor - v3.8.1 - 13-11-2022 *\/\n.elementor-heading-title{padding:0;margin:0;line-height:1}.elementor-widget-heading .elementor-heading-title[class*=elementor-size-]>a{color:inherit;font-size:inherit;line-height:inherit}.elementor-widget-heading .elementor-heading-title.elementor-size-small{font-size:15px}.elementor-widget-heading .elementor-heading-title.elementor-size-medium{font-size:19px}.elementor-widget-heading .elementor-heading-title.elementor-size-large{font-size:29px}.elementor-widget-heading .elementor-heading-title.elementor-size-xl{font-size:39px}.elementor-widget-heading .elementor-heading-title.elementor-size-xxl{font-size:59px}<\/style><h1 class=\"elementor-heading-title elementor-size-default\">Regional Incentives<\/h1>\t\t<\/div>\n\t\t\t\t<\/div>\n\t\t\t\t\t<\/div>\n\t\t<\/div>\n\t\t\t\t\t\t\t<\/div>\n\t\t<\/section>\n\t\t\t\t<section class=\"elementor-section elementor-top-section elementor-element elementor-element-a280318 gradiente2 elementor-section-boxed elementor-section-height-default elementor-section-height-default\" data-id=\"a280318\" data-element_type=\"section\">\n\t\t\t\t\t\t<div class=\"elementor-container elementor-column-gap-no\">\n\t\t\t\t\t<div class=\"elementor-column elementor-col-33 elementor-top-column elementor-element elementor-element-021336c\" data-id=\"021336c\" data-element_type=\"column\" data-settings=\"{&quot;background_background&quot;:&quot;classic&quot;}\">\n\t\t\t<div class=\"elementor-widget-wrap elementor-element-populated\">\n\t\t\t\t\t\t\t\t<div class=\"elementor-element elementor-element-546aede elementor-widget elementor-widget-template\" data-id=\"546aede\" data-element_type=\"widget\" data-widget_type=\"template.default\">\n\t\t\t\t<div class=\"elementor-widget-container\">\n\t\t\t\t\t<div class=\"elementor-template\">\n\t\t\t\t\t<div data-elementor-type=\"section\" data-elementor-id=\"1427\" class=\"elementor elementor-1427\">\n\t\t\t\t\t\t\t\t<section class=\"elementor-section elementor-top-section elementor-element elementor-element-56d33ed elementor-section-full_width elementor-section-height-default elementor-section-height-default\" data-id=\"56d33ed\" data-element_type=\"section\">\n\t\t\t\t\t\t<div class=\"elementor-container elementor-column-gap-no\">\n\t\t\t\t\t<div class=\"elementor-column elementor-col-100 elementor-top-column elementor-element elementor-element-17402fa\" data-id=\"17402fa\" data-element_type=\"column\">\n\t\t\t<div class=\"elementor-widget-wrap elementor-element-populated\">\n\t\t\t\t\t\t\t\t<section class=\"elementor-section elementor-inner-section elementor-element elementor-element-cd79438 elementor-section-full_width elementor-section-height-default elementor-section-height-default\" data-id=\"cd79438\" data-element_type=\"section\" data-settings=\"{&quot;background_background&quot;:&quot;classic&quot;}\">\n\t\t\t\t\t\t<div class=\"elementor-container elementor-column-gap-no\">\n\t\t\t\t\t<div class=\"elementor-column elementor-col-100 elementor-inner-column elementor-element elementor-element-a85131d\" data-id=\"a85131d\" data-element_type=\"column\">\n\t\t\t<div class=\"elementor-widget-wrap elementor-element-populated\">\n\t\t\t\t\t\t\t\t<div class=\"elementor-element elementor-element-a0b6ad8 elementor-widget elementor-widget-image\" data-id=\"a0b6ad8\" data-element_type=\"widget\" data-widget_type=\"image.default\">\n\t\t\t\t<div class=\"elementor-widget-container\">\n\t\t\t\t\t\t\t\t\t\t\t\t\t\t\t<img decoding=\"async\" width=\"273\" height=\"267\" src=\"https:\/\/www.regiondemurciafilm.com\/wp-content\/uploads\/2022\/11\/ico-flecha.svg\" class=\"attachment-full size-full\" alt=\"Men\u00fa\" loading=\"lazy\" \/>\t\t\t\t\t\t\t\t\t\t\t\t\t\t\t<\/div>\n\t\t\t\t<\/div>\n\t\t\t\t<div class=\"elementor-element elementor-element-423f589 elementor-widget elementor-widget-heading\" data-id=\"423f589\" data-element_type=\"widget\" data-widget_type=\"heading.default\">\n\t\t\t\t<div class=\"elementor-widget-container\">\n\t\t\t<div class=\"elementor-heading-title elementor-size-default\">Men\u00fa<\/div>\t\t<\/div>\n\t\t\t\t<\/div>\n\t\t\t\t<div class=\"elementor-element elementor-element-e8b7101 fc-submenu elementor-widget elementor-widget-nav-menu\" data-id=\"e8b7101\" data-element_type=\"widget\" data-settings=\"{&quot;layout&quot;:&quot;dropdown&quot;,&quot;submenu_icon&quot;:{&quot;value&quot;:&quot;&lt;i class=\\&quot;\\&quot;&gt;&lt;\\\/i&gt;&quot;,&quot;library&quot;:&quot;&quot;}}\" data-widget_type=\"nav-menu.default\">\n\t\t\t\t<div class=\"elementor-widget-container\">\n\t\t\t<link rel=\"stylesheet\" href=\"https:\/\/www.regiondemurciafilm.com\/wp-content\/plugins\/elementor-pro\/assets\/css\/widget-nav-menu.min.css\">\t\t<div class=\"elementor-menu-toggle\" role=\"button\" tabindex=\"0\" aria-label=\"Menu Toggle\" aria-expanded=\"false\">\n\t\t\t<i aria-hidden=\"true\" role=\"presentation\" class=\"elementor-menu-toggle__icon--open eicon-menu-bar\"><\/i><i aria-hidden=\"true\" role=\"presentation\" class=\"elementor-menu-toggle__icon--close eicon-close\"><\/i>\t\t\t<span class=\"elementor-screen-only\">Menu<\/span>\n\t\t<\/div>\n\t\t\t<nav class=\"elementor-nav-menu--dropdown elementor-nav-menu__container\" aria-hidden=\"true\">\n\t\t\t\t<ul id=\"menu-2-e8b7101\" class=\"elementor-nav-menu\"><li class=\"menu-item menu-item-type-post_type menu-item-object-page menu-item-4052\"><a href=\"https:\/\/www.regiondemurciafilm.com\/en\/regional-incentives\/\" class=\"elementor-item menu-link\" tabindex=\"-1\">Regional Incentives<\/a><\/li>\n<li class=\"menu-item menu-item-type-post_type menu-item-object-page menu-item-4053\"><a href=\"https:\/\/www.regiondemurciafilm.com\/en\/regional-aid\/\" class=\"elementor-item menu-link\" tabindex=\"-1\">Regional Aid<\/a><\/li>\n<li class=\"menu-item menu-item-type-post_type menu-item-object-page menu-item-4054\"><a href=\"https:\/\/www.regiondemurciafilm.com\/en\/brand-cine-made-in-murcia\/\" class=\"elementor-item menu-link\" tabindex=\"-1\">Brand Cine Made in Murcia<\/a><\/li>\n<li class=\"menu-item menu-item-type-post_type menu-item-object-page menu-item-4055\"><a href=\"https:\/\/www.regiondemurciafilm.com\/en\/advantages-of-the-film-commission\/\" class=\"elementor-item menu-link\" tabindex=\"-1\">Advantages of the Film Commission<\/a><\/li>\n<\/ul>\t\t\t<\/nav>\n\t\t\t\t<\/div>\n\t\t\t\t<\/div>\n\t\t\t\t\t<\/div>\n\t\t<\/div>\n\t\t\t\t\t\t\t<\/div>\n\t\t<\/section>\n\t\t\t\t\t<\/div>\n\t\t<\/div>\n\t\t\t\t\t\t\t<\/div>\n\t\t<\/section>\n\t\t\t\t\t\t<\/div>\n\t\t\t\t<\/div>\n\t\t\t\t<\/div>\n\t\t\t\t<\/div>\n\t\t\t\t\t<\/div>\n\t\t<\/div>\n\t\t\t\t<div class=\"elementor-column elementor-col-33 elementor-top-column elementor-element elementor-element-62ac6c6\" data-id=\"62ac6c6\" data-element_type=\"column\">\n\t\t\t<div class=\"elementor-widget-wrap elementor-element-populated\">\n\t\t\t\t\t\t\t\t<div class=\"elementor-element elementor-element-c84ba02 elementor-widget elementor-widget-text-editor\" data-id=\"c84ba02\" data-element_type=\"widget\" data-widget_type=\"text-editor.default\">\n\t\t\t\t<div class=\"elementor-widget-container\">\n\t\t\t<style>\/*! elementor - v3.8.1 - 13-11-2022 *\/\n.elementor-widget-text-editor.elementor-drop-cap-view-stacked .elementor-drop-cap{background-color:#818a91;color:#fff}.elementor-widget-text-editor.elementor-drop-cap-view-framed .elementor-drop-cap{color:#818a91;border:3px solid;background-color:transparent}.elementor-widget-text-editor:not(.elementor-drop-cap-view-default) .elementor-drop-cap{margin-top:8px}.elementor-widget-text-editor:not(.elementor-drop-cap-view-default) .elementor-drop-cap-letter{width:1em;height:1em}.elementor-widget-text-editor .elementor-drop-cap{float:left;text-align:center;line-height:1;font-size:50px}.elementor-widget-text-editor .elementor-drop-cap-letter{display:inline-block}<\/style>\t\t\t\t<p>The Region of Murcia promotes the patronage of audiovisual works through two ways: deductions in personal income tax when investing in a cultural work and reductions in regional taxes.<\/p>\n\t\t\t\t\t\t<\/div>\n\t\t\t\t<\/div>\n\t\t\t\t<div class=\"elementor-element elementor-element-1337e08 elementor-widget elementor-widget-text-editor\" data-id=\"1337e08\" data-element_type=\"widget\" data-widget_type=\"text-editor.default\">\n\t\t\t\t<div class=\"elementor-widget-container\">\n\t\t\t\t\t\t\t<p>For more information about tax rebate click below:<\/p>\n\t\t\t\t\t\t<\/div>\n\t\t\t\t<\/div>\n\t\t\t\t<div class=\"elementor-element elementor-element-fc2402d elementor-widget elementor-widget-button\" data-id=\"fc2402d\" data-element_type=\"widget\" data-widget_type=\"button.default\">\n\t\t\t\t<div class=\"elementor-widget-container\">\n\t\t\t\t\t<div class=\"elementor-button-wrapper\">\n\t\t\t<a href=\"https:\/\/sede.agenciatributaria.gob.es\/Sede\/ayuda\/manuales-videos-folletos\/manuales-practicos\/irpf-2021\/capitulo-17-deducciones-autonomicas-cuota\/comunidad-autonoma-region-murcia.html\" target=\"_blank\" rel=\"nofollow\" class=\"elementor-button-link elementor-button elementor-size-sm\" role=\"button\">\n\t\t\t\t\t\t<span class=\"elementor-button-content-wrapper\">\n\t\t\t\t\t\t<span class=\"elementor-button-text\">TAX Rebate<\/span>\n\t\t<\/span>\n\t\t\t\t\t<\/a>\n\t\t<\/div>\n\t\t\t\t<\/div>\n\t\t\t\t<\/div>\n\t\t\t\t<div class=\"elementor-element elementor-element-6646e46 elementor-widget elementor-widget-text-editor\" data-id=\"6646e46\" data-element_type=\"widget\" data-widget_type=\"text-editor.default\">\n\t\t\t\t<div class=\"elementor-widget-container\">\n\t\t\t\t\t\t\t<p>For more information about patronage and film funding click below:<\/p>\n\t\t\t\t\t\t<\/div>\n\t\t\t\t<\/div>\n\t\t\t\t<div class=\"elementor-element elementor-element-bc4fc2e elementor-widget elementor-widget-button\" data-id=\"bc4fc2e\" data-element_type=\"widget\" data-widget_type=\"button.default\">\n\t\t\t\t<div class=\"elementor-widget-container\">\n\t\t\t\t\t<div class=\"elementor-button-wrapper\">\n\t\t\t<a href=\"https:\/\/www.boe.es\/diario_boe\/txt.php?id=BOE-A-2022-13069\" target=\"_blank\" rel=\"nofollow\" class=\"elementor-button-link elementor-button elementor-size-sm\" role=\"button\">\n\t\t\t\t\t\t<span class=\"elementor-button-content-wrapper\">\n\t\t\t\t\t\t<span class=\"elementor-button-text\">About patronage and film funding<\/span>\n\t\t<\/span>\n\t\t\t\t\t<\/a>\n\t\t<\/div>\n\t\t\t\t<\/div>\n\t\t\t\t<\/div>\n\t\t\t\t\t<\/div>\n\t\t<\/div>\n\t\t\t\t<div class=\"elementor-column elementor-col-33 elementor-top-column elementor-element elementor-element-4144566\" data-id=\"4144566\" data-element_type=\"column\">\n\t\t\t<div class=\"elementor-widget-wrap elementor-element-populated\">\n\t\t\t\t\t\t\t\t<div class=\"elementor-element elementor-element-3c08236 elementor-widget elementor-widget-image\" data-id=\"3c08236\" data-element_type=\"widget\" data-widget_type=\"image.default\">\n\t\t\t\t<div class=\"elementor-widget-container\">\n\t\t\t\t\t\t\t\t\t\t\t\t\t\t\t<img decoding=\"async\" width=\"350\" height=\"350\" src=\"https:\/\/www.regiondemurciafilm.com\/wp-content\/uploads\/2022\/12\/rmfc-incentivos-regionales.jpg\" class=\"attachment-large size-large\" alt=\"Regi\u00f3n de Murcia Film Commission\" loading=\"lazy\" srcset=\"https:\/\/www.regiondemurciafilm.com\/wp-content\/uploads\/2022\/12\/rmfc-incentivos-regionales.jpg 350w, https:\/\/www.regiondemurciafilm.com\/wp-content\/uploads\/2022\/12\/rmfc-incentivos-regionales-300x300.jpg 300w, https:\/\/www.regiondemurciafilm.com\/wp-content\/uploads\/2022\/12\/rmfc-incentivos-regionales-150x150.jpg 150w\" sizes=\"(max-width: 350px) 100vw, 350px\" \/>\t\t\t\t\t\t\t\t\t\t\t\t\t\t\t<\/div>\n\t\t\t\t<\/div>\n\t\t\t\t\t<\/div>\n\t\t<\/div>\n\t\t\t\t\t\t\t<\/div>\n\t\t<\/section>\n\t\t\t\t\t\t\t<\/div>\n\t\t","protected":false},"excerpt":{"rendered":"<p>The Region of Murcia promotes the patronage of audiovisual works through two ways: deductions in personal income tax when investing in a cultural work and reductions in regional taxes. For more information about tax rebate click below: TAX Rebate For more information about patronage and film funding click below: About patronage and film funding<\/p>\n","protected":false},"author":1,"featured_media":3777,"parent":0,"menu_order":24,"comment_status":"closed","ping_status":"closed","template":"","meta":{"inline_featured_image":false,"site-sidebar-layout":"no-sidebar","site-content-layout":"page-builder","ast-site-content-layout":"","site-content-style":"default","site-sidebar-style":"default","ast-global-header-display":"","ast-banner-title-visibility":"","ast-main-header-display":"","ast-hfb-above-header-display":"","ast-hfb-below-header-display":"","ast-hfb-mobile-header-display":"","site-post-title":"disabled","ast-breadcrumbs-content":"","ast-featured-img":"disabled","footer-sml-layout":"","theme-transparent-header-meta":"","adv-header-id-meta":"","stick-header-meta":"","header-above-stick-meta":"","header-main-stick-meta":"","header-below-stick-meta":"","astra-migrate-meta-layouts":"default","ast-page-background-enabled":"default","ast-page-background-meta":{"desktop":{"background-color":"var(--ast-global-color-4)","background-image":"","background-repeat":"repeat","background-position":"center center","background-size":"auto","background-attachment":"scroll","background-type":"","background-media":"","overlay-type":"","overlay-color":"","overlay-opacity":"","overlay-gradient":""},"tablet":{"background-color":"","background-image":"","background-repeat":"repeat","background-position":"center center","background-size":"auto","background-attachment":"scroll","background-type":"","background-media":"","overlay-type":"","overlay-color":"","overlay-opacity":"","overlay-gradient":""},"mobile":{"background-color":"","background-image":"","background-repeat":"repeat","background-position":"center center","background-size":"auto","background-attachment":"scroll","background-type":"","background-media":"","overlay-type":"","overlay-color":"","overlay-opacity":"","overlay-gradient":""}},"ast-content-background-meta":{"desktop":{"background-color":"var(--ast-global-color-5)","background-image":"","background-repeat":"repeat","background-position":"center center","background-size":"auto","background-attachment":"scroll","background-type":"","background-media":"","overlay-type":"","overlay-color":"","overlay-opacity":"","overlay-gradient":""},"tablet":{"background-color":"var(--ast-global-color-5)","background-image":"","background-repeat":"repeat","background-position":"center center","background-size":"auto","background-attachment":"scroll","background-type":"","background-media":"","overlay-type":"","overlay-color":"","overlay-opacity":"","overlay-gradient":""},"mobile":{"background-color":"var(--ast-global-color-5)","background-image":"","background-repeat":"repeat","background-position":"center center","background-size":"auto","background-attachment":"scroll","background-type":"","background-media":"","overlay-type":"","overlay-color":"","overlay-opacity":"","overlay-gradient":""}}},"acf":[],"yoast_head":"<!-- This site is optimized with the Yoast SEO plugin v19.13 - https:\/\/yoast.com\/wordpress\/plugins\/seo\/ -->\n<title>Regional Incentives - Regi\u00f3n de Murcia Film Commission<\/title>\n<meta name=\"description\" content=\"The Region of Murcia promotes the patronage of audiovisual works through two ways: deductions in personal income tax when investing in a cultural work and reductions in regional taxes.\" \/>\n<meta name=\"robots\" content=\"index, follow, max-snippet:-1, max-image-preview:large, max-video-preview:-1\" \/>\n<link rel=\"canonical\" href=\"https:\/\/www.regiondemurciafilm.com\/en\/regional-incentives\/\" \/>\n<meta property=\"og:locale\" content=\"en_US\" \/>\n<meta property=\"og:type\" content=\"article\" \/>\n<meta property=\"og:title\" content=\"Regional Incentives - Regi\u00f3n de Murcia Film Commission\" \/>\n<meta property=\"og:description\" content=\"The Region of Murcia promotes the patronage of audiovisual works through two ways: deductions in personal income tax when investing in a cultural work and reductions in regional taxes.\" \/>\n<meta property=\"og:url\" content=\"https:\/\/www.regiondemurciafilm.com\/en\/regional-incentives\/\" \/>\n<meta property=\"og:site_name\" content=\"Regi\u00f3n de Murcia Film Commission\" \/>\n<meta property=\"article:modified_time\" content=\"2023-01-12T11:04:56+00:00\" \/>\n<meta property=\"og:image\" content=\"https:\/\/www.regiondemurciafilm.com\/wp-content\/uploads\/2022\/12\/Logotipo-Film-Murcia.jpg\" \/>\n\t<meta property=\"og:image:width\" content=\"600\" \/>\n\t<meta property=\"og:image:height\" content=\"600\" \/>\n\t<meta property=\"og:image:type\" content=\"image\/jpeg\" \/>\n<meta name=\"twitter:card\" content=\"summary_large_image\" \/>\n<script type=\"application\/ld+json\" class=\"yoast-schema-graph\">{\"@context\":\"https:\/\/schema.org\",\"@graph\":[{\"@type\":\"WebPage\",\"@id\":\"https:\/\/www.regiondemurciafilm.com\/en\/regional-incentives\/\",\"url\":\"https:\/\/www.regiondemurciafilm.com\/en\/regional-incentives\/\",\"name\":\"Regional Incentives - Regi\u00f3n de Murcia Film Commission\",\"isPartOf\":{\"@id\":\"https:\/\/www.regiondemurciafilm.com\/en\/#website\"},\"datePublished\":\"2022-10-24T07:03:01+00:00\",\"dateModified\":\"2023-01-12T11:04:56+00:00\",\"description\":\"The Region of Murcia promotes the patronage of audiovisual works through two ways: deductions in personal income tax when investing in a cultural work and reductions in regional taxes.\",\"breadcrumb\":{\"@id\":\"https:\/\/www.regiondemurciafilm.com\/en\/regional-incentives\/#breadcrumb\"},\"inLanguage\":\"en-US\",\"potentialAction\":[{\"@type\":\"ReadAction\",\"target\":[\"https:\/\/www.regiondemurciafilm.com\/en\/regional-incentives\/\"]}]},{\"@type\":\"BreadcrumbList\",\"@id\":\"https:\/\/www.regiondemurciafilm.com\/en\/regional-incentives\/#breadcrumb\",\"itemListElement\":[{\"@type\":\"ListItem\",\"position\":1,\"name\":\"Home\",\"item\":\"https:\/\/www.regiondemurciafilm.com\/en\/home\/\"},{\"@type\":\"ListItem\",\"position\":2,\"name\":\"Regional Incentives\"}]},{\"@type\":\"WebSite\",\"@id\":\"https:\/\/www.regiondemurciafilm.com\/en\/#website\",\"url\":\"https:\/\/www.regiondemurciafilm.com\/en\/\",\"name\":\"Regi\u00f3n de Murcia Film Commission\",\"description\":\"Es un servicio p\u00fablico destinado a promover y apoyar la producci\u00f3n audiovisual en la Regi\u00f3n de Murcia.\",\"publisher\":{\"@id\":\"https:\/\/www.regiondemurciafilm.com\/en\/#organization\"},\"potentialAction\":[{\"@type\":\"SearchAction\",\"target\":{\"@type\":\"EntryPoint\",\"urlTemplate\":\"https:\/\/www.regiondemurciafilm.com\/en\/?s={search_term_string}\"},\"query-input\":\"required name=search_term_string\"}],\"inLanguage\":\"en-US\"},{\"@type\":\"Organization\",\"@id\":\"https:\/\/www.regiondemurciafilm.com\/en\/#organization\",\"name\":\"Regi\u00f3n de Murcia Film Commission\",\"url\":\"https:\/\/www.regiondemurciafilm.com\/en\/\",\"logo\":{\"@type\":\"ImageObject\",\"inLanguage\":\"en-US\",\"@id\":\"https:\/\/www.regiondemurciafilm.com\/en\/#\/schema\/logo\/image\/\",\"url\":\"https:\/\/www.regiondemurciafilm.com\/wp-content\/uploads\/2022\/11\/rmfc-logo.svg\",\"contentUrl\":\"https:\/\/www.regiondemurciafilm.com\/wp-content\/uploads\/2022\/11\/rmfc-logo.svg\",\"caption\":\"Regi\u00f3n de Murcia Film Commission\"},\"image\":{\"@id\":\"https:\/\/www.regiondemurciafilm.com\/en\/#\/schema\/logo\/image\/\"},\"sameAs\":[\"https:\/\/instagram.com\/icaregmurcia\"]}]}<\/script>\n<!-- \/ Yoast SEO plugin. -->","yoast_head_json":{"title":"Regional Incentives - Regi\u00f3n de Murcia Film Commission","description":"The Region of Murcia promotes the patronage of audiovisual works through two ways: deductions in personal income tax when investing in a cultural work and reductions in regional taxes.","robots":{"index":"index","follow":"follow","max-snippet":"max-snippet:-1","max-image-preview":"max-image-preview:large","max-video-preview":"max-video-preview:-1"},"canonical":"https:\/\/www.regiondemurciafilm.com\/en\/regional-incentives\/","og_locale":"en_US","og_type":"article","og_title":"Regional Incentives - Regi\u00f3n de Murcia Film Commission","og_description":"The Region of Murcia promotes the patronage of audiovisual works through two ways: deductions in personal income tax when investing in a cultural work and reductions in regional taxes.","og_url":"https:\/\/www.regiondemurciafilm.com\/en\/regional-incentives\/","og_site_name":"Regi\u00f3n de Murcia Film Commission","article_modified_time":"2023-01-12T11:04:56+00:00","og_image":[{"width":600,"height":600,"url":"https:\/\/www.regiondemurciafilm.com\/wp-content\/uploads\/2022\/12\/Logotipo-Film-Murcia.jpg","type":"image\/jpeg"}],"twitter_card":"summary_large_image","schema":{"@context":"https:\/\/schema.org","@graph":[{"@type":"WebPage","@id":"https:\/\/www.regiondemurciafilm.com\/en\/regional-incentives\/","url":"https:\/\/www.regiondemurciafilm.com\/en\/regional-incentives\/","name":"Regional Incentives - Regi\u00f3n de Murcia Film Commission","isPartOf":{"@id":"https:\/\/www.regiondemurciafilm.com\/en\/#website"},"datePublished":"2022-10-24T07:03:01+00:00","dateModified":"2023-01-12T11:04:56+00:00","description":"The Region of Murcia promotes the patronage of audiovisual works through two ways: deductions in personal income tax when investing in a cultural work and reductions in regional taxes.","breadcrumb":{"@id":"https:\/\/www.regiondemurciafilm.com\/en\/regional-incentives\/#breadcrumb"},"inLanguage":"en-US","potentialAction":[{"@type":"ReadAction","target":["https:\/\/www.regiondemurciafilm.com\/en\/regional-incentives\/"]}]},{"@type":"BreadcrumbList","@id":"https:\/\/www.regiondemurciafilm.com\/en\/regional-incentives\/#breadcrumb","itemListElement":[{"@type":"ListItem","position":1,"name":"Home","item":"https:\/\/www.regiondemurciafilm.com\/en\/home\/"},{"@type":"ListItem","position":2,"name":"Regional Incentives"}]},{"@type":"WebSite","@id":"https:\/\/www.regiondemurciafilm.com\/en\/#website","url":"https:\/\/www.regiondemurciafilm.com\/en\/","name":"Regi\u00f3n de Murcia Film Commission","description":"Es un servicio p\u00fablico destinado a promover y apoyar la producci\u00f3n audiovisual en la Regi\u00f3n de Murcia.","publisher":{"@id":"https:\/\/www.regiondemurciafilm.com\/en\/#organization"},"potentialAction":[{"@type":"SearchAction","target":{"@type":"EntryPoint","urlTemplate":"https:\/\/www.regiondemurciafilm.com\/en\/?s={search_term_string}"},"query-input":"required name=search_term_string"}],"inLanguage":"en-US"},{"@type":"Organization","@id":"https:\/\/www.regiondemurciafilm.com\/en\/#organization","name":"Regi\u00f3n de Murcia Film Commission","url":"https:\/\/www.regiondemurciafilm.com\/en\/","logo":{"@type":"ImageObject","inLanguage":"en-US","@id":"https:\/\/www.regiondemurciafilm.com\/en\/#\/schema\/logo\/image\/","url":"https:\/\/www.regiondemurciafilm.com\/wp-content\/uploads\/2022\/11\/rmfc-logo.svg","contentUrl":"https:\/\/www.regiondemurciafilm.com\/wp-content\/uploads\/2022\/11\/rmfc-logo.svg","caption":"Regi\u00f3n de Murcia Film Commission"},"image":{"@id":"https:\/\/www.regiondemurciafilm.com\/en\/#\/schema\/logo\/image\/"},"sameAs":["https:\/\/instagram.com\/icaregmurcia"]}]}},"_links":{"self":[{"href":"https:\/\/www.regiondemurciafilm.com\/en\/wp-json\/wp\/v2\/pages\/3947"}],"collection":[{"href":"https:\/\/www.regiondemurciafilm.com\/en\/wp-json\/wp\/v2\/pages"}],"about":[{"href":"https:\/\/www.regiondemurciafilm.com\/en\/wp-json\/wp\/v2\/types\/page"}],"author":[{"embeddable":true,"href":"https:\/\/www.regiondemurciafilm.com\/en\/wp-json\/wp\/v2\/users\/1"}],"replies":[{"embeddable":true,"href":"https:\/\/www.regiondemurciafilm.com\/en\/wp-json\/wp\/v2\/comments?post=3947"}],"version-history":[{"count":1,"href":"https:\/\/www.regiondemurciafilm.com\/en\/wp-json\/wp\/v2\/pages\/3947\/revisions"}],"predecessor-version":[{"id":3948,"href":"https:\/\/www.regiondemurciafilm.com\/en\/wp-json\/wp\/v2\/pages\/3947\/revisions\/3948"}],"wp:featuredmedia":[{"embeddable":true,"href":"https:\/\/www.regiondemurciafilm.com\/en\/wp-json\/wp\/v2\/media\/3777"}],"wp:attachment":[{"href":"https:\/\/www.regiondemurciafilm.com\/en\/wp-json\/wp\/v2\/media?parent=3947"}],"curies":[{"name":"wp","href":"https:\/\/api.w.org\/{rel}","templated":true}]}}