{"id":3945,"date":"2022-10-24T09:00:53","date_gmt":"2022-10-24T07:00:53","guid":{"rendered":"https:\/\/www.regiondemurciafilm.com\/climate\/"},"modified":"2023-01-12T12:02:58","modified_gmt":"2023-01-12T11:02:58","slug":"climate","status":"publish","type":"page","link":"https:\/\/www.regiondemurciafilm.com\/en\/climate\/","title":{"rendered":"Climate"},"content":{"rendered":"\t\t<div data-elementor-type=\"wp-page\" data-elementor-id=\"3945\" class=\"elementor elementor-3945 elementor-45\">\n\t\t\t\t\t\t\t\t\t<section class=\"elementor-section elementor-top-section elementor-element elementor-element-d2d4885 elementor-section-height-min-height elementor-section-boxed elementor-section-height-default elementor-section-items-middle\" data-id=\"d2d4885\" data-element_type=\"section\" data-settings=\"{&quot;background_background&quot;:&quot;classic&quot;}\">\n\t\t\t\t\t\t<div class=\"elementor-container elementor-column-gap-default\">\n\t\t\t\t\t<div class=\"elementor-column elementor-col-50 elementor-top-column elementor-element elementor-element-f54495c\" data-id=\"f54495c\" data-element_type=\"column\">\n\t\t\t<div class=\"elementor-widget-wrap elementor-element-populated\">\n\t\t\t\t\t\t\t\t<div class=\"elementor-element elementor-element-6795228 elementor-widget elementor-widget-image\" data-id=\"6795228\" data-element_type=\"widget\" data-widget_type=\"image.default\">\n\t\t\t\t<div class=\"elementor-widget-container\">\n\t\t\t<style>\/*! elementor - v3.8.1 - 13-11-2022 *\/\n.elementor-widget-image{text-align:center}.elementor-widget-image a{display:inline-block}.elementor-widget-image a img[src$=\".svg\"]{width:48px}.elementor-widget-image img{vertical-align:middle;display:inline-block}<\/style>\t\t\t\t\t\t\t\t\t\t\t\t<img decoding=\"async\" width=\"408\" height=\"293\" src=\"https:\/\/www.regiondemurciafilm.com\/wp-content\/uploads\/2022\/11\/rmfc-logo-cabo-de-palos.png\" class=\"attachment-full size-full\" alt=\"Regi\u00f3n of Murcia Film Commision\" loading=\"lazy\" srcset=\"https:\/\/www.regiondemurciafilm.com\/wp-content\/uploads\/2022\/11\/rmfc-logo-cabo-de-palos.png 408w, https:\/\/www.regiondemurciafilm.com\/wp-content\/uploads\/2022\/11\/rmfc-logo-cabo-de-palos-300x215.png 300w\" sizes=\"(max-width: 408px) 100vw, 408px\" \/>\t\t\t\t\t\t\t\t\t\t\t\t\t\t\t<\/div>\n\t\t\t\t<\/div>\n\t\t\t\t\t<\/div>\n\t\t<\/div>\n\t\t\t\t<div class=\"elementor-column elementor-col-50 elementor-top-column elementor-element elementor-element-b3dd084\" data-id=\"b3dd084\" data-element_type=\"column\">\n\t\t\t<div class=\"elementor-widget-wrap elementor-element-populated\">\n\t\t\t\t\t\t\t\t<div class=\"elementor-element elementor-element-24bac9e elementor-align-left elementor-tablet-align-center elementor-widget elementor-widget-breadcrumbs\" data-id=\"24bac9e\" data-element_type=\"widget\" data-widget_type=\"breadcrumbs.default\">\n\t\t\t\t<div class=\"elementor-widget-container\">\n\t\t\t<link rel=\"stylesheet\" href=\"https:\/\/www.regiondemurciafilm.com\/wp-content\/plugins\/elementor-pro\/assets\/css\/widget-theme-elements.min.css\"><p id=\"breadcrumbs\"><span><span><a href=\"https:\/\/www.regiondemurciafilm.com\/en\/home\/\">Home<\/a><\/span><\/span><\/p>\t\t<\/div>\n\t\t\t\t<\/div>\n\t\t\t\t<div class=\"elementor-element elementor-element-88926a3 elementor-widget elementor-widget-heading\" data-id=\"88926a3\" data-element_type=\"widget\" data-widget_type=\"heading.default\">\n\t\t\t\t<div class=\"elementor-widget-container\">\n\t\t\t<style>\/*! elementor - v3.8.1 - 13-11-2022 *\/\n.elementor-heading-title{padding:0;margin:0;line-height:1}.elementor-widget-heading .elementor-heading-title[class*=elementor-size-]>a{color:inherit;font-size:inherit;line-height:inherit}.elementor-widget-heading .elementor-heading-title.elementor-size-small{font-size:15px}.elementor-widget-heading .elementor-heading-title.elementor-size-medium{font-size:19px}.elementor-widget-heading .elementor-heading-title.elementor-size-large{font-size:29px}.elementor-widget-heading .elementor-heading-title.elementor-size-xl{font-size:39px}.elementor-widget-heading .elementor-heading-title.elementor-size-xxl{font-size:59px}<\/style><h1 class=\"elementor-heading-title elementor-size-default\">Climate<\/h1>\t\t<\/div>\n\t\t\t\t<\/div>\n\t\t\t\t\t<\/div>\n\t\t<\/div>\n\t\t\t\t\t\t\t<\/div>\n\t\t<\/section>\n\t\t\t\t<section class=\"elementor-section elementor-top-section elementor-element elementor-element-8aaf72e elementor-reverse-mobile elementor-section-boxed elementor-section-height-default elementor-section-height-default\" data-id=\"8aaf72e\" data-element_type=\"section\">\n\t\t\t\t\t\t<div class=\"elementor-container elementor-column-gap-default\">\n\t\t\t\t\t<div class=\"elementor-column elementor-col-50 elementor-top-column elementor-element elementor-element-216bf1b\" data-id=\"216bf1b\" data-element_type=\"column\">\n\t\t\t<div class=\"elementor-widget-wrap elementor-element-populated\">\n\t\t\t\t\t\t\t\t<div class=\"elementor-element elementor-element-872a1c5 elementor-widget elementor-widget-text-editor\" data-id=\"872a1c5\" data-element_type=\"widget\" data-widget_type=\"text-editor.default\">\n\t\t\t\t<div class=\"elementor-widget-container\">\n\t\t\t<style>\/*! elementor - v3.8.1 - 13-11-2022 *\/\n.elementor-widget-text-editor.elementor-drop-cap-view-stacked .elementor-drop-cap{background-color:#818a91;color:#fff}.elementor-widget-text-editor.elementor-drop-cap-view-framed .elementor-drop-cap{color:#818a91;border:3px solid;background-color:transparent}.elementor-widget-text-editor:not(.elementor-drop-cap-view-default) .elementor-drop-cap{margin-top:8px}.elementor-widget-text-editor:not(.elementor-drop-cap-view-default) .elementor-drop-cap-letter{width:1em;height:1em}.elementor-widget-text-editor .elementor-drop-cap{float:left;text-align:center;line-height:1;font-size:50px}.elementor-widget-text-editor .elementor-drop-cap-letter{display:inline-block}<\/style>\t\t\t\t<p>With a semi-arid Mediterranean climate and low rainfall, the Region of Murcia is characterized by mild and short winters, with temperatures around 20 \u00b0C and warm and dry summers, ideal for enjoying its coasts.<\/p>\n<p>The sky is usually clear for most of the year, which means that there are more than 3,000 hours of sunlight per year.<\/p>\n\t\t\t\t\t\t<\/div>\n\t\t\t\t<\/div>\n\t\t\t\t\t<\/div>\n\t\t<\/div>\n\t\t\t\t<div class=\"elementor-column elementor-col-50 elementor-top-column elementor-element elementor-element-430799c\" data-id=\"430799c\" data-element_type=\"column\">\n\t\t\t<div class=\"elementor-widget-wrap elementor-element-populated\">\n\t\t\t\t\t\t\t\t<div class=\"elementor-element elementor-element-6102c12 elementor-widget elementor-widget-image\" data-id=\"6102c12\" data-element_type=\"widget\" data-widget_type=\"image.default\">\n\t\t\t\t<div class=\"elementor-widget-container\">\n\t\t\t\t\t\t\t\t\t\t\t\t\t\t\t<img decoding=\"async\" width=\"350\" height=\"350\" src=\"https:\/\/www.regiondemurciafilm.com\/wp-content\/uploads\/2022\/12\/rmfc-clima.jpg\" class=\"attachment-large size-large\" alt=\"Regi\u00f3n de Murcia Film Commission\" loading=\"lazy\" srcset=\"https:\/\/www.regiondemurciafilm.com\/wp-content\/uploads\/2022\/12\/rmfc-clima.jpg 350w, https:\/\/www.regiondemurciafilm.com\/wp-content\/uploads\/2022\/12\/rmfc-clima-300x300.jpg 300w, https:\/\/www.regiondemurciafilm.com\/wp-content\/uploads\/2022\/12\/rmfc-clima-150x150.jpg 150w\" sizes=\"(max-width: 350px) 100vw, 350px\" \/>\t\t\t\t\t\t\t\t\t\t\t\t\t\t\t<\/div>\n\t\t\t\t<\/div>\n\t\t\t\t\t<\/div>\n\t\t<\/div>\n\t\t\t\t\t\t\t<\/div>\n\t\t<\/section>\n\t\t\t\t\t\t\t<\/div>\n\t\t","protected":false},"excerpt":{"rendered":"<p>With a semi-arid Mediterranean climate and low rainfall, the Region of Murcia is characterized by mild and short winters, with temperatures around 20 \u00b0C and warm and dry summers, ideal for enjoying its coasts. The sky is usually clear for most of the year, which means that there are more than 3,000 hours of sunlight [&hellip;]<\/p>\n","protected":false},"author":1,"featured_media":3777,"parent":0,"menu_order":23,"comment_status":"closed","ping_status":"closed","template":"","meta":{"inline_featured_image":false,"site-sidebar-layout":"no-sidebar","site-content-layout":"page-builder","ast-site-content-layout":"","site-content-style":"default","site-sidebar-style":"default","ast-global-header-display":"","ast-banner-title-visibility":"","ast-main-header-display":"","ast-hfb-above-header-display":"","ast-hfb-below-header-display":"","ast-hfb-mobile-header-display":"","site-post-title":"disabled","ast-breadcrumbs-content":"","ast-featured-img":"disabled","footer-sml-layout":"","theme-transparent-header-meta":"","adv-header-id-meta":"","stick-header-meta":"","header-above-stick-meta":"","header-main-stick-meta":"","header-below-stick-meta":"","astra-migrate-meta-layouts":"default","ast-page-background-enabled":"default","ast-page-background-meta":{"desktop":{"background-color":"var(--ast-global-color-4)","background-image":"","background-repeat":"repeat","background-position":"center center","background-size":"auto","background-attachment":"scroll","background-type":"","background-media":"","overlay-type":"","overlay-color":"","overlay-opacity":"","overlay-gradient":""},"tablet":{"background-color":"","background-image":"","background-repeat":"repeat","background-position":"center center","background-size":"auto","background-attachment":"scroll","background-type":"","background-media":"","overlay-type":"","overlay-color":"","overlay-opacity":"","overlay-gradient":""},"mobile":{"background-color":"","background-image":"","background-repeat":"repeat","background-position":"center center","background-size":"auto","background-attachment":"scroll","background-type":"","background-media":"","overlay-type":"","overlay-color":"","overlay-opacity":"","overlay-gradient":""}},"ast-content-background-meta":{"desktop":{"background-color":"var(--ast-global-color-5)","background-image":"","background-repeat":"repeat","background-position":"center center","background-size":"auto","background-attachment":"scroll","background-type":"","background-media":"","overlay-type":"","overlay-color":"","overlay-opacity":"","overlay-gradient":""},"tablet":{"background-color":"var(--ast-global-color-5)","background-image":"","background-repeat":"repeat","background-position":"center center","background-size":"auto","background-attachment":"scroll","background-type":"","background-media":"","overlay-type":"","overlay-color":"","overlay-opacity":"","overlay-gradient":""},"mobile":{"background-color":"var(--ast-global-color-5)","background-image":"","background-repeat":"repeat","background-position":"center center","background-size":"auto","background-attachment":"scroll","background-type":"","background-media":"","overlay-type":"","overlay-color":"","overlay-opacity":"","overlay-gradient":""}}},"acf":[],"yoast_head":"<!-- This site is optimized with the Yoast SEO plugin v19.13 - https:\/\/yoast.com\/wordpress\/plugins\/seo\/ -->\n<title>Climate - Regi\u00f3n de Murcia Film Commission<\/title>\n<meta name=\"description\" content=\"With a semi-arid Mediterranean climate and low rainfall, the Region of Murcia is characterized by mild and short winters, with temperatures around 20 \u00b0C and warm and dry summers, ideal for enjoying its coasts.\" \/>\n<meta name=\"robots\" content=\"index, follow, max-snippet:-1, max-image-preview:large, max-video-preview:-1\" \/>\n<link rel=\"canonical\" href=\"https:\/\/www.regiondemurciafilm.com\/en\/climate\/\" \/>\n<meta property=\"og:locale\" content=\"en_US\" \/>\n<meta property=\"og:type\" content=\"article\" \/>\n<meta property=\"og:title\" content=\"Climate - Regi\u00f3n de Murcia Film Commission\" \/>\n<meta property=\"og:description\" content=\"With a semi-arid Mediterranean climate and low rainfall, the Region of Murcia is characterized by mild and short winters, with temperatures around 20 \u00b0C and warm and dry summers, ideal for enjoying its coasts.\" \/>\n<meta property=\"og:url\" content=\"https:\/\/www.regiondemurciafilm.com\/en\/climate\/\" \/>\n<meta property=\"og:site_name\" content=\"Regi\u00f3n de Murcia Film Commission\" \/>\n<meta property=\"article:modified_time\" content=\"2023-01-12T11:02:58+00:00\" \/>\n<meta property=\"og:image\" content=\"https:\/\/www.regiondemurciafilm.com\/wp-content\/uploads\/2022\/12\/Logotipo-Film-Murcia.jpg\" \/>\n\t<meta property=\"og:image:width\" content=\"600\" \/>\n\t<meta property=\"og:image:height\" content=\"600\" \/>\n\t<meta property=\"og:image:type\" content=\"image\/jpeg\" \/>\n<meta name=\"twitter:card\" content=\"summary_large_image\" \/>\n<script type=\"application\/ld+json\" class=\"yoast-schema-graph\">{\"@context\":\"https:\/\/schema.org\",\"@graph\":[{\"@type\":\"WebPage\",\"@id\":\"https:\/\/www.regiondemurciafilm.com\/en\/climate\/\",\"url\":\"https:\/\/www.regiondemurciafilm.com\/en\/climate\/\",\"name\":\"Climate - Regi\u00f3n de Murcia Film Commission\",\"isPartOf\":{\"@id\":\"https:\/\/www.regiondemurciafilm.com\/en\/#website\"},\"datePublished\":\"2022-10-24T07:00:53+00:00\",\"dateModified\":\"2023-01-12T11:02:58+00:00\",\"description\":\"With a semi-arid Mediterranean climate and low rainfall, the Region of Murcia is characterized by mild and short winters, with temperatures around 20 \u00b0C and warm and dry summers, ideal for enjoying its coasts.\",\"breadcrumb\":{\"@id\":\"https:\/\/www.regiondemurciafilm.com\/en\/climate\/#breadcrumb\"},\"inLanguage\":\"en-US\",\"potentialAction\":[{\"@type\":\"ReadAction\",\"target\":[\"https:\/\/www.regiondemurciafilm.com\/en\/climate\/\"]}]},{\"@type\":\"BreadcrumbList\",\"@id\":\"https:\/\/www.regiondemurciafilm.com\/en\/climate\/#breadcrumb\",\"itemListElement\":[{\"@type\":\"ListItem\",\"position\":1,\"name\":\"Home\",\"item\":\"https:\/\/www.regiondemurciafilm.com\/en\/home\/\"},{\"@type\":\"ListItem\",\"position\":2,\"name\":\"Climate\"}]},{\"@type\":\"WebSite\",\"@id\":\"https:\/\/www.regiondemurciafilm.com\/en\/#website\",\"url\":\"https:\/\/www.regiondemurciafilm.com\/en\/\",\"name\":\"Regi\u00f3n de Murcia Film Commission\",\"description\":\"Es un servicio p\u00fablico destinado a promover y apoyar la producci\u00f3n audiovisual en la Regi\u00f3n de Murcia.\",\"publisher\":{\"@id\":\"https:\/\/www.regiondemurciafilm.com\/en\/#organization\"},\"potentialAction\":[{\"@type\":\"SearchAction\",\"target\":{\"@type\":\"EntryPoint\",\"urlTemplate\":\"https:\/\/www.regiondemurciafilm.com\/en\/?s={search_term_string}\"},\"query-input\":\"required name=search_term_string\"}],\"inLanguage\":\"en-US\"},{\"@type\":\"Organization\",\"@id\":\"https:\/\/www.regiondemurciafilm.com\/en\/#organization\",\"name\":\"Regi\u00f3n de Murcia Film Commission\",\"url\":\"https:\/\/www.regiondemurciafilm.com\/en\/\",\"logo\":{\"@type\":\"ImageObject\",\"inLanguage\":\"en-US\",\"@id\":\"https:\/\/www.regiondemurciafilm.com\/en\/#\/schema\/logo\/image\/\",\"url\":\"https:\/\/www.regiondemurciafilm.com\/wp-content\/uploads\/2022\/11\/rmfc-logo.svg\",\"contentUrl\":\"https:\/\/www.regiondemurciafilm.com\/wp-content\/uploads\/2022\/11\/rmfc-logo.svg\",\"caption\":\"Regi\u00f3n de Murcia Film Commission\"},\"image\":{\"@id\":\"https:\/\/www.regiondemurciafilm.com\/en\/#\/schema\/logo\/image\/\"},\"sameAs\":[\"https:\/\/instagram.com\/icaregmurcia\"]}]}<\/script>\n<!-- \/ Yoast SEO plugin. -->","yoast_head_json":{"title":"Climate - Regi\u00f3n de Murcia Film Commission","description":"With a semi-arid Mediterranean climate and low rainfall, the Region of Murcia is characterized by mild and short winters, with temperatures around 20 \u00b0C and warm and dry summers, ideal for enjoying its coasts.","robots":{"index":"index","follow":"follow","max-snippet":"max-snippet:-1","max-image-preview":"max-image-preview:large","max-video-preview":"max-video-preview:-1"},"canonical":"https:\/\/www.regiondemurciafilm.com\/en\/climate\/","og_locale":"en_US","og_type":"article","og_title":"Climate - Regi\u00f3n de Murcia Film Commission","og_description":"With a semi-arid Mediterranean climate and low rainfall, the Region of Murcia is characterized by mild and short winters, with temperatures around 20 \u00b0C and warm and dry summers, ideal for enjoying its coasts.","og_url":"https:\/\/www.regiondemurciafilm.com\/en\/climate\/","og_site_name":"Regi\u00f3n de Murcia Film Commission","article_modified_time":"2023-01-12T11:02:58+00:00","og_image":[{"width":600,"height":600,"url":"https:\/\/www.regiondemurciafilm.com\/wp-content\/uploads\/2022\/12\/Logotipo-Film-Murcia.jpg","type":"image\/jpeg"}],"twitter_card":"summary_large_image","schema":{"@context":"https:\/\/schema.org","@graph":[{"@type":"WebPage","@id":"https:\/\/www.regiondemurciafilm.com\/en\/climate\/","url":"https:\/\/www.regiondemurciafilm.com\/en\/climate\/","name":"Climate - Regi\u00f3n de Murcia Film Commission","isPartOf":{"@id":"https:\/\/www.regiondemurciafilm.com\/en\/#website"},"datePublished":"2022-10-24T07:00:53+00:00","dateModified":"2023-01-12T11:02:58+00:00","description":"With a semi-arid Mediterranean climate and low rainfall, the Region of Murcia is characterized by mild and short winters, with temperatures around 20 \u00b0C and warm and dry summers, ideal for enjoying its coasts.","breadcrumb":{"@id":"https:\/\/www.regiondemurciafilm.com\/en\/climate\/#breadcrumb"},"inLanguage":"en-US","potentialAction":[{"@type":"ReadAction","target":["https:\/\/www.regiondemurciafilm.com\/en\/climate\/"]}]},{"@type":"BreadcrumbList","@id":"https:\/\/www.regiondemurciafilm.com\/en\/climate\/#breadcrumb","itemListElement":[{"@type":"ListItem","position":1,"name":"Home","item":"https:\/\/www.regiondemurciafilm.com\/en\/home\/"},{"@type":"ListItem","position":2,"name":"Climate"}]},{"@type":"WebSite","@id":"https:\/\/www.regiondemurciafilm.com\/en\/#website","url":"https:\/\/www.regiondemurciafilm.com\/en\/","name":"Regi\u00f3n de Murcia Film Commission","description":"Es un servicio p\u00fablico destinado a promover y apoyar la producci\u00f3n audiovisual en la Regi\u00f3n de Murcia.","publisher":{"@id":"https:\/\/www.regiondemurciafilm.com\/en\/#organization"},"potentialAction":[{"@type":"SearchAction","target":{"@type":"EntryPoint","urlTemplate":"https:\/\/www.regiondemurciafilm.com\/en\/?s={search_term_string}"},"query-input":"required name=search_term_string"}],"inLanguage":"en-US"},{"@type":"Organization","@id":"https:\/\/www.regiondemurciafilm.com\/en\/#organization","name":"Regi\u00f3n de Murcia Film Commission","url":"https:\/\/www.regiondemurciafilm.com\/en\/","logo":{"@type":"ImageObject","inLanguage":"en-US","@id":"https:\/\/www.regiondemurciafilm.com\/en\/#\/schema\/logo\/image\/","url":"https:\/\/www.regiondemurciafilm.com\/wp-content\/uploads\/2022\/11\/rmfc-logo.svg","contentUrl":"https:\/\/www.regiondemurciafilm.com\/wp-content\/uploads\/2022\/11\/rmfc-logo.svg","caption":"Regi\u00f3n de Murcia Film Commission"},"image":{"@id":"https:\/\/www.regiondemurciafilm.com\/en\/#\/schema\/logo\/image\/"},"sameAs":["https:\/\/instagram.com\/icaregmurcia"]}]}},"_links":{"self":[{"href":"https:\/\/www.regiondemurciafilm.com\/en\/wp-json\/wp\/v2\/pages\/3945"}],"collection":[{"href":"https:\/\/www.regiondemurciafilm.com\/en\/wp-json\/wp\/v2\/pages"}],"about":[{"href":"https:\/\/www.regiondemurciafilm.com\/en\/wp-json\/wp\/v2\/types\/page"}],"author":[{"embeddable":true,"href":"https:\/\/www.regiondemurciafilm.com\/en\/wp-json\/wp\/v2\/users\/1"}],"replies":[{"embeddable":true,"href":"https:\/\/www.regiondemurciafilm.com\/en\/wp-json\/wp\/v2\/comments?post=3945"}],"version-history":[{"count":1,"href":"https:\/\/www.regiondemurciafilm.com\/en\/wp-json\/wp\/v2\/pages\/3945\/revisions"}],"predecessor-version":[{"id":3946,"href":"https:\/\/www.regiondemurciafilm.com\/en\/wp-json\/wp\/v2\/pages\/3945\/revisions\/3946"}],"wp:featuredmedia":[{"embeddable":true,"href":"https:\/\/www.regiondemurciafilm.com\/en\/wp-json\/wp\/v2\/media\/3777"}],"wp:attachment":[{"href":"https:\/\/www.regiondemurciafilm.com\/en\/wp-json\/wp\/v2\/media?parent=3945"}],"curies":[{"name":"wp","href":"https:\/\/api.w.org\/{rel}","templated":true}]}}